{"id":2,"date":"2016-05-10T03:48:21","date_gmt":"2016-05-10T03:48:21","guid":{"rendered":"http:\/\/wp452m.a10-52-158-154.qa.plesk.ru\/wordpress\/?page_id=2"},"modified":"2016-05-31T08:35:47","modified_gmt":"2016-05-31T08:35:47","slug":"sample-page","status":"publish","type":"page","link":"https:\/\/softwaretpvgratis.com\/","title":{"rendered":"Sample Page"},"content":{"rendered":"<p>[vc_row][vc_column][dt_fancy_title title=\u00bbM\u00e1s descargados\u00bb][vc_empty_space][\/vc_column][\/vc_row][vc_row][vc_column width=\u00bb1\/3&#8243;][vc_single_image image=\u00bb24&#8243; img_size=\u00bbmedium\u00bb alignment=\u00bbcenter\u00bb onclick=\u00bbcustom_link\u00bb title=\u00bbDoscar Restaurantes\u00bb link=\u00bbhttp:\/\/programaspararestaurantes.com\/\u00bb][ultimate_fancytext fancytext_effect=\u00bbticker\u00bb strings_tickerspeed=\u00bb200&#8243; ticker_show_items=\u00bb1&#8243; fancytext_strings=\u00bbEl programa m\u00e1s completo para la gesti\u00f3n de negocios de hosteler\u00eda como un bar, Restaurante, Helader\u00eda, Pizzeria, Pub, Discoteca, Fast Food\u00bb][vc_btn title=\u00bbDescargar\u00bb align=\u00bbcenter\u00bb link=\u00bburl:http%3A%2F%2Fwww.doscar.com%2Fdoscar_barrestaurante.exe|title:Descargar%20Demo|\u00bb][\/vc_column][vc_column width=\u00bb1\/3&#8243;][vc_single_image image=\u00bb21&#8243; img_size=\u00bbmedium\u00bb alignment=\u00bbcenter\u00bb onclick=\u00bbcustom_link\u00bb title=\u00bbDoscar Taller\u00bb link=\u00bbhttp:\/\/programaparataller.com\/\u00bb][ultimate_fancytext fancytext_effect=\u00bbticker\u00bb strings_tickerspeed=\u00bb200&#8243; ticker_show_items=\u00bb1&#8243; fancytext_strings=\u00bbEl programa m\u00e1s completo para la gesti\u00f3n de talleres de mec\u00e1nica, al ser un software de f\u00e1cil manejo e intuitivo, su aprendizaje es muy r\u00e1pido\u00bb][vc_btn title=\u00bbDescargar\u00bb align=\u00bbcenter\u00bb link=\u00bburl:http%3A%2F%2Fwww.doscar.com%2Fdoscar_taller.exe|title:Descargar%20taller|\u00bb][\/vc_column][vc_column width=\u00bb1\/3&#8243;][vc_single_image image=\u00bb22&#8243; img_size=\u00bbmedium\u00bb alignment=\u00bbcenter\u00bb onclick=\u00bbcustom_link\u00bb title=\u00bbDoscar TPV\u00bb link=\u00bbhttp:\/\/programasparatpv.com\u00bb][ultimate_fancytext fancytext_effect=\u00bbticker\u00bb strings_tickerspeed=\u00bb200&#8243; ticker_show_items=\u00bb1&#8243; fancytext_strings=\u00bbEl programa m\u00e1s completo para la gesti\u00f3n de comercios y tiendas en general, con tallas y colores, fechas de caducidad, control de stock y alertas.\u00bb][vc_btn title=\u00bbDescargar\u00bb align=\u00bbcenter\u00bb link=\u00bburl:http%3A%2F%2Fwww.doscar.com%2Fdoscar_tpv.exe|title:Descargar%20tpv|\u00bb][\/vc_column][\/vc_row][vc_row][vc_column][\/vc_column][\/vc_row]<\/p>\n","protected":false},"excerpt":{"rendered":"<p>[vc_row][vc_column][dt_fancy_title title=\u00bbM\u00e1s descargados\u00bb][vc_empty_space][\/vc_column][\/vc_row][vc_row][vc_column width=\u00bb1\/3&#8243;][vc_single_image image=\u00bb24&#8243; img_size=\u00bbmedium\u00bb alignment=\u00bbcenter\u00bb onclick=\u00bbcustom_link\u00bb title=\u00bbDoscar Restaurantes\u00bb link=\u00bbhttp:\/\/programaspararestaurantes.com\/\u00bb][ultimate_fancytext fancytext_effect=\u00bbticker\u00bb strings_tickerspeed=\u00bb200&#8243; ticker_show_items=\u00bb1&#8243; fancytext_strings=\u00bbEl programa m\u00e1s completo para la gesti\u00f3n de negocios de hosteler\u00eda como un bar, Restaurante, Helader\u00eda, Pizzeria, Pub, Discoteca, Fast Food\u00bb][vc_btn title=\u00bbDescargar\u00bb align=\u00bbcenter\u00bb link=\u00bburl:http%3A%2F%2Fwww.doscar.com%2Fdoscar_barrestaurante.exe|title:Descargar%20Demo|\u00bb][\/vc_column][vc_column width=\u00bb1\/3&#8243;][vc_single_image image=\u00bb21&#8243; img_size=\u00bbmedium\u00bb alignment=\u00bbcenter\u00bb onclick=\u00bbcustom_link\u00bb title=\u00bbDoscar Taller\u00bb link=\u00bbhttp:\/\/programaparataller.com\/\u00bb][ultimate_fancytext fancytext_effect=\u00bbticker\u00bb strings_tickerspeed=\u00bb200&#8243; ticker_show_items=\u00bb1&#8243; fancytext_strings=\u00bbEl programa m\u00e1s completo para la &hellip; <a href=\"https:\/\/softwaretpvgratis.com\/\" class=\"more-link\">Sigue leyendo <span class=\"screen-reader-text\">Sample Page<\/span><\/a><\/p>\n","protected":false},"author":1,"featured_media":0,"parent":0,"menu_order":0,"comment_status":"closed","ping_status":"open","template":"","meta":{"footnotes":""},"class_list":["post-2","page","type-page","status-publish","hentry"],"_links":{"self":[{"href":"https:\/\/softwaretpvgratis.com\/index.php?rest_route=\/wp\/v2\/pages\/2","targetHints":{"allow":["GET"]}}],"collection":[{"href":"https:\/\/softwaretpvgratis.com\/index.php?rest_route=\/wp\/v2\/pages"}],"about":[{"href":"https:\/\/softwaretpvgratis.com\/index.php?rest_route=\/wp\/v2\/types\/page"}],"author":[{"embeddable":true,"href":"https:\/\/softwaretpvgratis.com\/index.php?rest_route=\/wp\/v2\/users\/1"}],"replies":[{"embeddable":true,"href":"https:\/\/softwaretpvgratis.com\/index.php?rest_route=%2Fwp%2Fv2%2Fcomments&post=2"}],"version-history":[{"count":13,"href":"https:\/\/softwaretpvgratis.com\/index.php?rest_route=\/wp\/v2\/pages\/2\/revisions"}],"predecessor-version":[{"id":31,"href":"https:\/\/softwaretpvgratis.com\/index.php?rest_route=\/wp\/v2\/pages\/2\/revisions\/31"}],"wp:attachment":[{"href":"https:\/\/softwaretpvgratis.com\/index.php?rest_route=%2Fwp%2Fv2%2Fmedia&parent=2"}],"curies":[{"name":"wp","href":"https:\/\/api.w.org\/{rel}","templated":true}]}}